{"id":1767,"date":"2022-02-10T14:30:42","date_gmt":"2022-02-10T13:30:42","guid":{"rendered":"https:\/\/ballemax.com\/?page_id=1767"},"modified":"2023-06-15T14:50:42","modified_gmt":"2023-06-15T12:50:42","slug":"chariot-de-distribution-silocombi","status":"publish","type":"page","link":"https:\/\/ballemax.com\/fr\/produits\/chariot-de-distribution-silocombi\/","title":{"rendered":"Chariot de distribution &#038; Silocombi"},"content":{"rendered":"\n<div id=\"produkte-listing-block_5f7088d9dad3252782b969b0aaaeed17\" class=\"produkte-listing \n mt-medium      mb-big \">\n  <div class=\"container-sm\">\n          <div class=\"bg-image position-relative\" style=\"background-image: url('https:\/\/ballemax.com\/wp-content\/uploads\/2022\/03\/BalleMax_Okt21_053-aspect-ratio-1920-730-3.jpeg');\">\n      <\/div>\n    \n          <div class=\"filter-wrapper\">\n        <div class=\"row justify-content-center\">\n          <div class=\"col-lg-10\">\n            <div class=\"filter-inner bg-grey-light\">\n              <div class=\"filter-header\">\n                                  <h2 class=\"h2 mb-2\">\n                    Chariot de distribution &#038; Silocombi                  <\/h2>\n                                                  <div class=\"wysiwyg\">\n                    <p>D\u00e9m\u00ealer les balles, distribuer la paille, distribuer l&rsquo;ensilage des silos verticaux et mobiles, distribuer la ration du m\u00e9langeur fixe. Le BalleMax Silocombi vous offre des possibilit\u00e9s presque infinies.<\/p>\n<p>Notre fourche \u00e0 balles \u00e9prouv\u00e9e \u00e0 l&rsquo;arri\u00e8re charge sans probl\u00e8me les balles de toutes sortes ainsi que les blocs de silo. Gr\u00e2ce \u00e0 l&rsquo;\u00e9vacuation \u00e0 l&rsquo;avant dans le champ de vision, vous avez le contr\u00f4le total et vous alimentez confortablement des deux c\u00f4t\u00e9s, m\u00eame dans les all\u00e9es de fourrage \u00e9troites, gr\u00e2ce au tapis transversal. Il est \u00e9galement possible d&rsquo;\u00e9quiper nos d\u00e9m\u00ealeurs de balles sd123-124 comme remorque distributrice de fourrage avec d\u00e9chargement d&rsquo;un c\u00f4t\u00e9.<\/p>\n                  <\/div>\n                              <\/div>\n                          <\/div>\n          <\/div>\n        <\/div>\n      <\/div>\n      <\/div>\n  <div class=\"container\">\n    <div class=\"product-items-wrapper mt-big\">\n      <div class=\"filter-message-wrapper mb-medium\">\n        <h2 class=\"h2 mb-0 regular-font-weight\">\n          <span class=\"filter-message-product-count color-green\">1<\/span>\n          <span class=\"filter-message-title-category\"> Produkte<\/span>\n        <\/h2>\n      <\/div>\n      <div class=\"row\">\n                                            <div class=\"col-md-6 col-lg-4 col-xxl-3 product-item-wrapper distribuer-les-aliments largeur_du_couloir_d_alimentation-distribuer-les-aliments 2-2-3-0m-largeur_du_couloir_d_alimentation-distribuer-les-aliments tous-les-largeur_du_couloir_d_alimentation-distribuer-les-aliments decharge-distribuer-les-aliments tous-les-decharge-distribuer-les-aliments double-face-decharge-distribuer-les-aliments motorisation-qui-utilise-la-machine-distribuer-les-aliments tous-les-motorisation-distribuer-les-aliments diesel-motorisation-distribuer-les-aliments qui-utilise-la-machine-distribuer-les-aliments tous-les-qui-utilise-la-machine-distribuer-les-aliments directeur-directrice-qui-utilise-la-machine-distribuer-les-aliments partenaires-qui-utilise-la-machine-distribuer-les-aliments aide-parents-qui-utilise-la-machine-distribuer-les-aliments diesel-motoration directeur-directrice-d-exploitation-qui-utilise-la-machine partenaires-qui-utilise-la-machine aide-parents \">\n                <a class=\"product-item\" href=\"https:\/\/ballemax.com\/fr\/produkt\/sd-1200-d\/\">\n                  <div class=\"bg-image bg-image-product\" style=\"background-image: url('https:\/\/ballemax.com\/wp-content\/uploads\/2025\/12\/Ballemax-SD1200_freigestellt_web-aspect-ratio-6690-4240-scaled.png');\">\n                  <\/div>\n                  <div class=\"product-item-body bg-grey-light\">\n                                          <span class=\"color-green\">\n                        Distribuer les aliments                      <\/span>\n                                        <h3 class=\"h4 mb-0 product-item-title\">sd 1200 D<\/h3>\n                                          <div class=\"product-item-attributes small  mt-1 mt-lg-2\">\n                        Diesel |\u00a0Nutzlast 3000 kg                      <\/div>\n                    \n                  <\/div>\n                <\/a>\n              <\/div>\n                                              <\/div>\n    <\/div>\n\n  <\/div>\n<\/div>","protected":false},"excerpt":{"rendered":"","protected":false},"author":4,"featured_media":0,"parent":1689,"menu_order":2,"comment_status":"closed","ping_status":"closed","template":"","meta":{"_acf_changed":false,"footnotes":""},"class_list":["post-1767","page","type-page","status-publish","hentry"],"acf":[],"_links":{"self":[{"href":"https:\/\/ballemax.com\/fr\/wp-json\/wp\/v2\/pages\/1767","targetHints":{"allow":["GET"]}}],"collection":[{"href":"https:\/\/ballemax.com\/fr\/wp-json\/wp\/v2\/pages"}],"about":[{"href":"https:\/\/ballemax.com\/fr\/wp-json\/wp\/v2\/types\/page"}],"author":[{"embeddable":true,"href":"https:\/\/ballemax.com\/fr\/wp-json\/wp\/v2\/users\/4"}],"replies":[{"embeddable":true,"href":"https:\/\/ballemax.com\/fr\/wp-json\/wp\/v2\/comments?post=1767"}],"version-history":[{"count":2,"href":"https:\/\/ballemax.com\/fr\/wp-json\/wp\/v2\/pages\/1767\/revisions"}],"predecessor-version":[{"id":1769,"href":"https:\/\/ballemax.com\/fr\/wp-json\/wp\/v2\/pages\/1767\/revisions\/1769"}],"up":[{"embeddable":true,"href":"https:\/\/ballemax.com\/fr\/wp-json\/wp\/v2\/pages\/1689"}],"wp:attachment":[{"href":"https:\/\/ballemax.com\/fr\/wp-json\/wp\/v2\/media?parent=1767"}],"curies":[{"name":"wp","href":"https:\/\/api.w.org\/{rel}","templated":true}]}}