{"id":1725,"date":"2022-02-10T13:00:41","date_gmt":"2022-02-10T12:00:41","guid":{"rendered":"https:\/\/ballemax.com\/?page_id=1725"},"modified":"2023-06-15T11:37:15","modified_gmt":"2023-06-15T09:37:15","slug":"service","status":"publish","type":"page","link":"https:\/\/ballemax.com\/fr\/service\/","title":{"rendered":"Service"},"content":{"rendered":"\n<div id=\"header-intro-block_5fc5acb06b8a0fc9fd5404833ec7ccad\" class=\"header-intro \n mt-medium     \">\n  <div class=\"container-sm\">\n    <div class=\"row gx-0\">\n\n              <div class=\"col-lg-6 col-xxl-8  order-lg-2\">\n          <div  class=\"position-relative bg-image bg-image-wide  \" style=\"background-image: url('https:\/\/ballemax.com\/wp-content\/uploads\/2022\/02\/BalleMax_Okt21_215.jpeg');\">\n                      <\/div>\n        <\/div>\n      \n              <div class=\"col-lg-6 col-xxl-4  order-lg-1\">\n          <div class=\"desc-wrapper bg-grey-light\">\n                                      <h2 class=\"h2 \">\u00abUn service d\u2019entretien p\u00e9riodique et r\u00e9gulier prolonge de quelques ann\u00e9es la dur\u00e9e de vie de votre machine!\u00bb<\/h2>\n                                  <\/div>\n        <\/div>\n      \n    <\/div>\n  <\/div>\n<\/div>\n\n\n<div id=\"wysiwyg-block_4fc395432e885371ab33a9c905abd178\" class=\"wysiwyg \n mt-medium     \">\n  <div class=\"container\">\n\n\n    <div class=\"row gx-xl-5\">\n\n              <div class=\"col-lg-8\">\n                      <h3 class=\"h3 regular-font-weight  mb-3 mb-lg-4 \">\n              Service d\u2019entretien            <\/h3>\n                                <div class=\"wysiwyg \">\n              <p>Dans la mesure du possible, nous nous effor\u00e7ons d\u2019effectuer les travaux d\u2019entretien et les r\u00e9parations en l\u2019espace d\u2019une journ\u00e9e soit dans votre exploitation soit dans nos ateliers.<\/p>\n<ul>\n<li>Vaste stock de pi\u00e8ces de rechange<\/li>\n<li>Service d\u2019entretien annuel<\/li>\n<li>Machine de rechange \u00e0 disposition<\/li>\n<\/ul>\n<p>&nbsp;<\/p>\n<p>Veuillez vous annoncer \u00e0 l\u2019avance pour convenir d\u2019une date pour un service d\u2019entretien. Commandez les pi\u00e8ces de rechange assez t\u00f4t pour \u00e9viter des probl\u00e8mes de livraison.<\/p>\n            <\/div>\n                              <\/div>\n      \n      \n    <\/div>\n  <\/div>\n<\/div>\n\n\n\n\n<div id=\"trennlinie-block_f592aa7369943faf75f709919ab14c75\" class=\"trennlinie \n mt-medium     \">\n  <div class=\"container\">\n    <div class=\"row\">\n      <div class=\"col-12\">\n        <hr class=\"horizontal\">\n      <\/div>\n    <\/div>\n  <\/div>\n<\/div>\n\n\n<div id=\"wysiwyg-block_8566eccf527cb66a2755a15e78d56175\" class=\"wysiwyg \n mt-medium     \">\n  <div class=\"container\">\n\n\n    <div class=\"row gx-xl-5\">\n\n              <div class=\"col-lg-8\">\n                      <h3 class=\"h3 regular-font-weight  mb-3 mb-lg-4 \">\n              R\u00e9parations \u2013 Service assistance 24\/24h            <\/h3>\n                                <div class=\"wysiwyg \">\n              <p>Comment nourrir les animaux dans l\u2019intervalle?<br \/>\nSi votre machine est hors service longtemps ou si une r\u00e9paration importante est pr\u00e9vue, nous mettons une machine de rechange \u00e0 votre disposition.<\/p>\n<ul>\n<li>Travaux de soudure<\/li>\n<li>Remplacement des pi\u00e8ces d\u2019usure<\/li>\n<li>Dommages m\u00e9caniques<\/li>\n<\/ul>\n            <\/div>\n                              <\/div>\n      \n      \n    <\/div>\n  <\/div>\n<\/div>\n\n\n\n\n<div id=\"trennlinie-block_f592aa7369943faf75f709919ab14c75\" class=\"trennlinie \n mt-medium     \">\n  <div class=\"container\">\n    <div class=\"row\">\n      <div class=\"col-12\">\n        <hr class=\"horizontal\">\n      <\/div>\n    <\/div>\n  <\/div>\n<\/div>\n\n\n<div id=\"wysiwyg-block_61c5c7b50795a4b5aa7045e4d40cb537\" class=\"wysiwyg \n mt-medium     \">\n  <div class=\"container\">\n\n\n    <div class=\"row gx-xl-5\">\n\n              <div class=\"col-lg-8\">\n                      <h3 class=\"h3 regular-font-weight   mb-0\">\n              Questions et r\u00e9ponses            <\/h3>\n                            <\/div>\n      \n      \n    <\/div>\n  <\/div>\n<\/div>\n\n\n\n\n<div id=\"accordion-block_bb930e3a0907b233b48b539739741829\" class=\"accordion \n mt-medium     \">\n  <div class=\"container\">\n\n\n    <div class=\"row \">\n\n              <div class=\"col-lg-8\">\n                                <h4 class=\"h4 mb-3 color-green\">\n              Service et r\u00e9parations            <\/h4>\n                                <div class=\"accordion accordion-flush\" id=\"accordionaccordion-block_bb930e3a0907b233b48b539739741829\">\n                                                              <div class=\"accordion-item\">\n                    <h4 class=\"accordion-header mb-0\" id=\"headingaccordion-block_bb930e3a0907b233b48b539739741829_0\">\n                      <button class=\"accordion-button collapsed mb-0\" type=\"button\" data-bs-toggle=\"collapse\" data-bs-target=\"#collapseaccordion-block_bb930e3a0907b233b48b539739741829_0\" aria-expanded=\"true\" aria-controls=\"collapseaccordion-block_bb930e3a0907b233b48b539739741829_0\">\n                        En cas d\u2019urgence, combien de temps dois-je attendre le d\u00e9panneur?                        <i class=\"fas fa-chevron-down\"><\/i>\n                      <\/button>\n                    <\/h4>\n                    <div id=\"collapseaccordion-block_bb930e3a0907b233b48b539739741829_0\" class=\"accordion-collapse collapse\" aria-labelledby=\"headingaccordion-block_bb930e3a0907b233b48b539739741829_0\" data-bs-parent=\"#accordionaccordion-block_bb930e3a0907b233b48b539739741829\">\n                      <div class=\"accordion-body\">\n                                                  <div class=\"wysiwyg\">\n                            <p>Un d\u00e9panneur sp\u00e9cialis\u00e9 peut \u00eatre sur place chez vous dans les 8 heures.<\/p>\n                          <\/div>\n                                              <\/div>\n                    <\/div>\n                  <\/div>\n                                                                <div class=\"accordion-item\">\n                    <h4 class=\"accordion-header mb-0\" id=\"headingaccordion-block_bb930e3a0907b233b48b539739741829_1\">\n                      <button class=\"accordion-button collapsed mb-0\" type=\"button\" data-bs-toggle=\"collapse\" data-bs-target=\"#collapseaccordion-block_bb930e3a0907b233b48b539739741829_1\" aria-expanded=\"true\" aria-controls=\"collapseaccordion-block_bb930e3a0907b233b48b539739741829_1\">\n                        Quelle est la fr\u00e9quence pour aiguiser ou remplacer les lames de coupe?                        <i class=\"fas fa-chevron-down\"><\/i>\n                      <\/button>\n                    <\/h4>\n                    <div id=\"collapseaccordion-block_bb930e3a0907b233b48b539739741829_1\" class=\"accordion-collapse collapse\" aria-labelledby=\"headingaccordion-block_bb930e3a0907b233b48b539739741829_1\" data-bs-parent=\"#accordionaccordion-block_bb930e3a0907b233b48b539739741829\">\n                      <div class=\"accordion-body\">\n                                                  <div class=\"wysiwyg\">\n                            <p>Les lames sont auto-aiguisantes. Nous vous conseillons de les remplacer une fois par an.<\/p>\n                          <\/div>\n                                              <\/div>\n                    <\/div>\n                  <\/div>\n                                                                <div class=\"accordion-item\">\n                    <h4 class=\"accordion-header mb-0\" id=\"headingaccordion-block_bb930e3a0907b233b48b539739741829_2\">\n                      <button class=\"accordion-button collapsed mb-0\" type=\"button\" data-bs-toggle=\"collapse\" data-bs-target=\"#collapseaccordion-block_bb930e3a0907b233b48b539739741829_2\" aria-expanded=\"true\" aria-controls=\"collapseaccordion-block_bb930e3a0907b233b48b539739741829_2\">\n                        Puis-je remplacer les lames moi-m\u00eame?                        <i class=\"fas fa-chevron-down\"><\/i>\n                      <\/button>\n                    <\/h4>\n                    <div id=\"collapseaccordion-block_bb930e3a0907b233b48b539739741829_2\" class=\"accordion-collapse collapse\" aria-labelledby=\"headingaccordion-block_bb930e3a0907b233b48b539739741829_2\" data-bs-parent=\"#accordionaccordion-block_bb930e3a0907b233b48b539739741829\">\n                      <div class=\"accordion-body\">\n                                                  <div class=\"wysiwyg\">\n                            <p>Oui, gr\u00e2ce \u00e0 leur construction facile d\u2019entretien, vous pouvez remplacer les lames vous-m\u00eame sans probl\u00e8me.<\/p>\n                          <\/div>\n                                              <\/div>\n                    <\/div>\n                  <\/div>\n                                                                <div class=\"accordion-item\">\n                    <h4 class=\"accordion-header mb-0\" id=\"headingaccordion-block_bb930e3a0907b233b48b539739741829_3\">\n                      <button class=\"accordion-button collapsed mb-0\" type=\"button\" data-bs-toggle=\"collapse\" data-bs-target=\"#collapseaccordion-block_bb930e3a0907b233b48b539739741829_3\" aria-expanded=\"true\" aria-controls=\"collapseaccordion-block_bb930e3a0907b233b48b539739741829_3\">\n                        Est-ce que la garantie est encore valable, lorsque j\u2019effectue moi-m\u00eame les travaux d\u2019entretien?                        <i class=\"fas fa-chevron-down\"><\/i>\n                      <\/button>\n                    <\/h4>\n                    <div id=\"collapseaccordion-block_bb930e3a0907b233b48b539739741829_3\" class=\"accordion-collapse collapse\" aria-labelledby=\"headingaccordion-block_bb930e3a0907b233b48b539739741829_3\" data-bs-parent=\"#accordionaccordion-block_bb930e3a0907b233b48b539739741829\">\n                      <div class=\"accordion-body\">\n                                                  <div class=\"wysiwyg\">\n                            <p>Oui, la garantie reste valable lorsque vous commandez les pi\u00e8ces et le mat\u00e9riel d\u2019entretien chez nous.<\/p>\n                          <\/div>\n                                              <\/div>\n                    <\/div>\n                  <\/div>\n                                                                <div class=\"accordion-item\">\n                    <h4 class=\"accordion-header mb-0\" id=\"headingaccordion-block_bb930e3a0907b233b48b539739741829_4\">\n                      <button class=\"accordion-button collapsed mb-0\" type=\"button\" data-bs-toggle=\"collapse\" data-bs-target=\"#collapseaccordion-block_bb930e3a0907b233b48b539739741829_4\" aria-expanded=\"true\" aria-controls=\"collapseaccordion-block_bb930e3a0907b233b48b539739741829_4\">\n                        Est-il possible d\u2019apporter ma machine BalleMax chez mon m\u00e9canicien sur machines agricoles pour faire effectuer le service ou les r\u00e9parations?                        <i class=\"fas fa-chevron-down\"><\/i>\n                      <\/button>\n                    <\/h4>\n                    <div id=\"collapseaccordion-block_bb930e3a0907b233b48b539739741829_4\" class=\"accordion-collapse collapse\" aria-labelledby=\"headingaccordion-block_bb930e3a0907b233b48b539739741829_4\" data-bs-parent=\"#accordionaccordion-block_bb930e3a0907b233b48b539739741829\">\n                      <div class=\"accordion-body\">\n                                                  <div class=\"wysiwyg\">\n                            <p>Oui, gr\u00e2ce \u00e0 la construction facile d\u2019entretien, tout m\u00e9canicien sur machines agricoles est en mesure de r\u00e9parer ou d\u2019entretenir la machine.<\/p>\n                          <\/div>\n                                              <\/div>\n                    <\/div>\n                  <\/div>\n                                          <\/div>\n                  <\/div>\n\n      \n      \n    <\/div>\n  <\/div>\n<\/div>\n\n\n<div id=\"accordion-block_7ac64d89f83a40e59d96ca0c3b304b43\" class=\"accordion \n mt-medium      mb-big \">\n  <div class=\"container\">\n\n\n    <div class=\"row \">\n\n              <div class=\"col-lg-8\">\n                                <h4 class=\"h4 mb-3 color-green\">\n              Garantie            <\/h4>\n                                <div class=\"accordion accordion-flush\" id=\"accordionaccordion-block_7ac64d89f83a40e59d96ca0c3b304b43\">\n                                                              <div class=\"accordion-item\">\n                    <h4 class=\"accordion-header mb-0\" id=\"headingaccordion-block_7ac64d89f83a40e59d96ca0c3b304b43_0\">\n                      <button class=\"accordion-button collapsed mb-0\" type=\"button\" data-bs-toggle=\"collapse\" data-bs-target=\"#collapseaccordion-block_7ac64d89f83a40e59d96ca0c3b304b43_0\" aria-expanded=\"true\" aria-controls=\"collapseaccordion-block_7ac64d89f83a40e59d96ca0c3b304b43_0\">\n                        Quelle est la dur\u00e9e de la garantie d\u2019une nouvelle machine BalleMax?                        <i class=\"fas fa-chevron-down\"><\/i>\n                      <\/button>\n                    <\/h4>\n                    <div id=\"collapseaccordion-block_7ac64d89f83a40e59d96ca0c3b304b43_0\" class=\"accordion-collapse collapse\" aria-labelledby=\"headingaccordion-block_7ac64d89f83a40e59d96ca0c3b304b43_0\" data-bs-parent=\"#accordionaccordion-block_7ac64d89f83a40e59d96ca0c3b304b43\">\n                      <div class=\"accordion-body\">\n                                                  <div class=\"wysiwyg\">\n                            <p>Machines: 1 an. Moteurs: selon les fabricants de moteurs jusqu\u2019\u00e0 3 ans. Cuves de m\u00e9langeur et engrenages plan\u00e9taires: 5000 heures de service \/ 10 ans.<\/p>\n                          <\/div>\n                                              <\/div>\n                    <\/div>\n                  <\/div>\n                                          <\/div>\n                  <\/div>\n\n      \n      \n    <\/div>\n  <\/div>\n<\/div>","protected":false},"excerpt":{"rendered":"","protected":false},"author":4,"featured_media":0,"parent":0,"menu_order":2,"comment_status":"closed","ping_status":"closed","template":"","meta":{"_acf_changed":false,"footnotes":""},"class_list":["post-1725","page","type-page","status-publish","hentry"],"acf":[],"_links":{"self":[{"href":"https:\/\/ballemax.com\/fr\/wp-json\/wp\/v2\/pages\/1725","targetHints":{"allow":["GET"]}}],"collection":[{"href":"https:\/\/ballemax.com\/fr\/wp-json\/wp\/v2\/pages"}],"about":[{"href":"https:\/\/ballemax.com\/fr\/wp-json\/wp\/v2\/types\/page"}],"author":[{"embeddable":true,"href":"https:\/\/ballemax.com\/fr\/wp-json\/wp\/v2\/users\/4"}],"replies":[{"embeddable":true,"href":"https:\/\/ballemax.com\/fr\/wp-json\/wp\/v2\/comments?post=1725"}],"version-history":[{"count":2,"href":"https:\/\/ballemax.com\/fr\/wp-json\/wp\/v2\/pages\/1725\/revisions"}],"predecessor-version":[{"id":1727,"href":"https:\/\/ballemax.com\/fr\/wp-json\/wp\/v2\/pages\/1725\/revisions\/1727"}],"wp:attachment":[{"href":"https:\/\/ballemax.com\/fr\/wp-json\/wp\/v2\/media?parent=1725"}],"curies":[{"name":"wp","href":"https:\/\/api.w.org\/{rel}","templated":true}]}}