{"id":1713,"date":"2022-02-10T12:58:49","date_gmt":"2022-02-10T11:58:49","guid":{"rendered":"https:\/\/ballemax.com\/?page_id=1713"},"modified":"2026-03-04T20:46:08","modified_gmt":"2026-03-04T19:46:08","slug":"startseite","status":"publish","type":"page","link":"https:\/\/ballemax.com\/fr\/","title":{"rendered":"Page d&rsquo;accueil"},"content":{"rendered":"\n<div id=\"header-slider-block_2d84c65df47792ffa32e8da85766c87b\" class=\"header-slider \n     py-0\">\n      <div class=\"container-fluid\">\n      <div class=\"swiper\">\n        <div class=\"swiper-wrapper\">\n                      <div class=\"swiper-slide\">\n              <div class=\"bg-image position-relative \" style=\"background-image: url('https:\/\/ballemax.com\/wp-content\/uploads\/2024\/07\/header_garantie2.jpg');\">\n                              <\/div>\n            <\/div>\n                      <div class=\"swiper-slide\">\n              <div class=\"bg-image position-relative \" style=\"background-image: url('https:\/\/ballemax.com\/wp-content\/uploads\/2025\/02\/pressebericht-bild-01.png');\">\n                                  <div class=\"overlay-content-wrapper\">\n                    <div class=\"container\">\n                      <div class=\"row\">\n                        <div class=\"col-md-8 col-lg-9 col-xl-8 col-xxl-7\">\n                          <div class=\"overlay-content bg-white\">\n                                                          <h2 class=\"h2\"> Choisir un bol m\u00e9langeur automoteur adapt\u00e9 \u00e0 la structure de l&rsquo;exploitation<\/h2>\n                                                                                      <h3 class=\"h3 regular-font-weight\"> Affouragement<\/h3>\n                                                                                      <div class=\"btn-wrapper\">\n                                <a class=\"btn btn-primary btn-small\" href=\"https:\/\/ballemax.com\/wp-content\/uploads\/2025\/02\/ballemax_pressebericht-novembre-2024.pdf\" target=\"_blank\">\n                                  En savoir plus                                <\/a>\n                              <\/div>\n                                                      <\/div>\n                        <\/div>\n                      <\/div>\n                    <\/div>\n                  <\/div>\n                              <\/div>\n            <\/div>\n                      <div class=\"swiper-slide\">\n              <div class=\"bg-image position-relative \" style=\"background-image: url('https:\/\/ballemax.com\/wp-content\/uploads\/2022\/09\/BalleMax_Okt21_040.jpg');\">\n                                  <div class=\"overlay-content-wrapper\">\n                    <div class=\"container\">\n                      <div class=\"row\">\n                        <div class=\"col-md-8 col-lg-9 col-xl-8 col-xxl-7\">\n                          <div class=\"overlay-content bg-white\">\n                                                          <h2 class=\"h2\"> Avec le d\u00e9rouleur de balles rondes \u00e9lectrique et sans c\u00e2ble. Nourrir en silence et sans \u00e9missions.<\/h2>\n                                                                                      <h3 class=\"h3 regular-font-weight\"> BalleMax sd 124 akku<\/h3>\n                                                                                      <div class=\"btn-wrapper\">\n                                <a class=\"btn btn-primary btn-small\" href=\"https:\/\/ballemax.com\/produkt\/sd124-benzin-oder-diesel\/\" target=\"_self\">\n                                  En savoir plus                                <\/a>\n                              <\/div>\n                                                      <\/div>\n                        <\/div>\n                      <\/div>\n                    <\/div>\n                  <\/div>\n                              <\/div>\n            <\/div>\n                      <div class=\"swiper-slide\">\n              <div class=\"bg-image position-relative \" style=\"background-image: url('https:\/\/ballemax.com\/wp-content\/uploads\/2022\/09\/BalleMax_Okt21_087.jpg');\">\n                                  <div class=\"overlay-content-wrapper\">\n                    <div class=\"container\">\n                      <div class=\"row\">\n                        <div class=\"col-md-8 col-lg-9 col-xl-8 col-xxl-7\">\n                          <div class=\"overlay-content bg-white\">\n                                                          <h2 class=\"h2\"> D\u00e9couvrez la machine universelle combin\u00e9e<\/h2>\n                                                                                      <h3 class=\"h3 regular-font-weight\"> Silocombi sd 320<\/h3>\n                                                                                      <div class=\"btn-wrapper\">\n                                <a class=\"btn btn-primary btn-small\" href=\"https:\/\/ballemax.com\/produkt\/sd320\/\" target=\"_blank\">\n                                  En savoir plus                                <\/a>\n                              <\/div>\n                                                      <\/div>\n                        <\/div>\n                      <\/div>\n                    <\/div>\n                  <\/div>\n                              <\/div>\n            <\/div>\n                      <div class=\"swiper-slide\">\n              <div class=\"bg-image position-relative \" style=\"background-image: url('https:\/\/ballemax.com\/wp-content\/uploads\/2024\/12\/ballemax_sd1200-Schnecken-quer-scaled.jpg');\">\n                                  <div class=\"overlay-content-wrapper\">\n                    <div class=\"container\">\n                      <div class=\"row\">\n                        <div class=\"col-md-8 col-lg-9 col-xl-8 col-xxl-7\">\n                          <div class=\"overlay-content bg-white\">\n                                                          <h2 class=\"h2\"> La 1\u00e8re m\u00e9langeuse suisse \u00e0 2 vis<\/h2>\n                                                                                      <h3 class=\"h3 regular-font-weight\"> sd 1200<\/h3>\n                                                                                  <\/div>\n                        <\/div>\n                      <\/div>\n                    <\/div>\n                  <\/div>\n                              <\/div>\n            <\/div>\n                  <\/div>\n                  <div class=\"swiper-pagination\"><\/div>\n          <div class=\"swiper-button-prev\">\n            <i class=\"fas fa-chevron-left\"><\/i>\n          <\/div>\n          <div class=\"swiper-button-next\">\n            <i class=\"fas fa-chevron-right\"><\/i>\n          <\/div>\n              <\/div>\n    <\/div>\n  <\/div>\n\n\n<div id=\"teaser-kacheln-block_f0f594cccf7f995bc11257ffee5e8aba\" class=\"teaser-kacheln \n mt-big     \">\n  <div class=\"container\">\n\n              <div class=\"row\">\n                  <div class=\"col-lg-6 col-xxl-4 teaser-item-wrapper\">\n\n                          <a class=\"teaser-item teaser-item-icon-text bg-green\" href=\"https:\/\/ballemax.com\/fr\/produits\/\" target=\"_self\">\n              \n                                <div class=\"teaser-item-body\">\n                                      <img decoding=\"async\" class=\"img-fluid teaser-item-icon mb-4 d-none d-lg-block\" src=\"https:\/\/ballemax.com\/wp-content\/uploads\/2022\/03\/ballemax_icon_konfigurator.svg\" alt=\"\">\n                                                                          <h3 class=\"h2 mb-0\">Configurer mon BalleMax<\/h3>\n                                                        <div class=\"wysiwyg mt-3\"><p>Vous avez fait le bon choix!<\/p>\n<\/div>\n                                                    <\/div>\n\n                              <\/a>\n            \n      <\/div>\n              <div class=\"col-lg-6 col-xxl-4 teaser-item-wrapper\">\n\n                          <a class=\"teaser-item teaser-item-image-text bg-grey-light\" href=\"https:\/\/ballemax.com\/produkte\/rundballenaufloeser\/\" target=\"_self\">\n              \n                                  <div class=\"teaser-item-header bg-white\">\n                    <div class=\"bg-image\" style=\"background-image: url('https:\/\/ballemax.com\/wp-content\/uploads\/2022\/04\/ballemax_1300x870_freig_v01.1.png');\">\n                    <\/div>\n                  <\/div>\n                                <div class=\"teaser-item-body\">\n                                                        <h4 class=\"h4 mb-1 regular-font-weight\">Compact, maniable et puissant!<\/h4>\n                                                        <h3 class=\"h3 mb-0\">D\u00e9rouleur de balles<\/h3>\n                                                        <div class=\"wysiwyg mt-3\"><p>Nos variantes de machines<\/p>\n<\/div>\n                                                    <\/div>\n\n                              <\/a>\n            \n      <\/div>\n              <div class=\"col-lg-6 col-xxl-4 teaser-item-wrapper\">\n\n                          <a class=\"teaser-item teaser-item-image-text bg-grey-light\" href=\"https:\/\/ballemax.com\/fr\/produits\/melangeur\/\" target=\"_self\">\n              \n                                  <div class=\"teaser-item-header bg-white\">\n                    <div class=\"bg-image\" style=\"background-image: url('https:\/\/ballemax.com\/wp-content\/uploads\/2022\/09\/BalleMax_Okt21_180_dec.png');\">\n                    <\/div>\n                  <\/div>\n                                <div class=\"teaser-item-body\">\n                                                        <h4 class=\"h4 mb-1 regular-font-weight\">Un gain de temps facile!<\/h4>\n                                                        <h3 class=\"h3 mb-0\">M\u00e9langeur<\/h3>\n                                                        <div class=\"wysiwyg mt-3\"><p>Nos variantes de machines<\/p>\n<\/div>\n                                                    <\/div>\n\n                              <\/a>\n            \n      <\/div>\n      <\/div>\n\n<\/div>\n<\/div>\n\n\n<div id=\"video-block_3fd7771e8bb0c347c46bdb4cc881d936\" class=\"video \n mt-big     \">\n  <div class=\"container\">\n        <div class=\"video-item-wrapper\">\n      <div class=\"ratio ratio-16x9 youtube-video-wrapper\">\n        <iframe class=\"embed-responsive-item\" src=\"https:\/\/www.youtube.com\/embed\/rQs55FJ6soE?rel=0\" allow=\"accelerometer; encrypted-media; gyroscope; picture-in-picture\" allowfullscreen>\n        <\/iframe>\n      <\/div>\n    <\/div>\n  <\/div>\n<\/div>\n\n\n<div id=\"teaser-kacheln-block_f37b3cb24978a118723532e635eea097\" class=\"teaser-kacheln \n mt-big     \">\n  <div class=\"container\">\n\n          <h3 class=\"lead mb-medium \">Vos avantages avec un BalleMax en un coup d\u2019\u0153il<\/h3>\n              <div class=\"row\">\n                  <div class=\"col-lg-6 col-xxl-4 teaser-item-wrapper\">\n\n                            <div class=\"teaser-item teaser-item-facts bg-grey-light\">\n                \n                                <div class=\"teaser-item-body\">\n                                                                          <h3 class=\"h3 mb-0\">All\u00e8gement du travail<\/h3>\n                                                                          <div class=\"facts-wrapper wysiwyg mt-3\">\n                      <ul>\n                                                                              <li class=\"fact-item\">\n\n                              <div class=\"wysiwyg\">\n                                Moins de fatigue corporelle                              <\/div>\n                            <\/li>\n                                                                                                        <li class=\"fact-item\">\n\n                              <div class=\"wysiwyg\">\n                                D\u00e9roulement plus simple du travail en pr\u00e9parant le m\u00e9lange avant la traite                              <\/div>\n                            <\/li>\n                                                                                                        <li class=\"fact-item\">\n\n                              <div class=\"wysiwyg\">\n                                L\u2019affouragement peut \u00eatre confi\u00e9 sans probl\u00e8me \u00e0 une aide non qualifi\u00e9e, au partenaire ou \u00e0 un membre de la famille                              <\/div>\n                            <\/li>\n                                                                        <\/ul>\n                    <\/div>\n                                  <\/div>\n\n                          <\/div>\n        \n      <\/div>\n              <div class=\"col-lg-6 col-xxl-4 teaser-item-wrapper\">\n\n                            <div class=\"teaser-item teaser-item-facts bg-grey-light\">\n                \n                                <div class=\"teaser-item-body\">\n                                                                          <h3 class=\"h3 mb-0\">D\u00e9roulement du travail<\/h3>\n                                                                          <div class=\"facts-wrapper wysiwyg mt-3\">\n                      <ul>\n                                                                              <li class=\"fact-item\">\n\n                              <div class=\"wysiwyg\">\n                                Aucun besoin de tracteur suppl\u00e9mentaire car auto-propuls\u00e9 \u2013 diesel, \u00e9lectrique ou batterie                              <\/div>\n                            <\/li>\n                                                                                                        <li class=\"fact-item\">\n\n                              <div class=\"wysiwyg\">\n                                Maniabilit\u00e9 exceptionnelle                              <\/div>\n                            <\/li>\n                                                                                                        <li class=\"fact-item\">\n\n                              <div class=\"wysiwyg\">\n                                Plus de place dans la grange                              <\/div>\n                            <\/li>\n                                                                                                        <li class=\"fact-item\">\n\n                              <div class=\"wysiwyg\">\n                                Consommation de carburant moins \u00e9lev\u00e9e                              <\/div>\n                            <\/li>\n                                                                                                        <li class=\"fact-item\">\n\n                              <div class=\"wysiwyg\">\n                                Pas d\u2019\u00e9mission de gaz perceptible dans l\u2019\u00e9table ou la grange (filtre \u00e0 particules)                              <\/div>\n                            <\/li>\n                                                                        <\/ul>\n                    <\/div>\n                                  <\/div>\n\n                          <\/div>\n        \n      <\/div>\n              <div class=\"col-lg-6 col-xxl-4 teaser-item-wrapper\">\n\n                            <div class=\"teaser-item teaser-item-facts bg-grey-light\">\n                \n                                <div class=\"teaser-item-body\">\n                                                                          <h3 class=\"h3 mb-0\">Affouragement<\/h3>\n                                                                          <div class=\"facts-wrapper wysiwyg mt-3\">\n                      <ul>\n                                                                              <li class=\"fact-item\">\n\n                              <div class=\"wysiwyg\">\n                                Ration app\u00e9tissante                              <\/div>\n                            <\/li>\n                                                                                                        <li class=\"fact-item\">\n\n                              <div class=\"wysiwyg\">\n                                La structure de la nourriture n\u2019est pas modifi\u00e9e                              <\/div>\n                            <\/li>\n                                                                                                        <li class=\"fact-item\">\n\n                              <div class=\"wysiwyg\">\n                                Augmentation de la quantit\u00e9 de prise (brute) de nourriture                              <\/div>\n                            <\/li>\n                                                                                                        <li class=\"fact-item\">\n\n                              <div class=\"wysiwyg\">\n                                Augmentation cons\u00e9cutive de la production laiti\u00e8re                              <\/div>\n                            <\/li>\n                                                                                                        <li class=\"fact-item\">\n\n                              <div class=\"wysiwyg\">\n                                Animaux plus calmes, besoin moins \u00e9lev\u00e9 de fourrage concentr\u00e9                              <\/div>\n                            <\/li>\n                                                                        <\/ul>\n                    <\/div>\n                                  <\/div>\n\n                          <\/div>\n        \n      <\/div>\n      <\/div>\n\n<\/div>\n<\/div>\n\n\n<div id=\"teaser-element-block_be936ebcf8cb2a828221ddf280060fa5\" class=\"teaser-element \n mt-big     \">\n  <div class=\"container\">\n    <div class=\"row gx-0\">\n\n      \n            <div class=\"col-lg-6 bg-image-wrapper\">\n        <div class=\"bg-image\" style=\"background-image: url('https:\/\/ballemax.com\/wp-content\/uploads\/2022\/03\/BalleMax_Okt21_060.jpeg');\">\n        <\/div>\n    <\/div>\n\n    <div class=\"col-lg-6 box-wrapper\">\n        <div class=\"box bg-green\">\n                            <div class=\"box-header mb-5\">\n                    <h4 class=\"h4 text-uppercase mb-0 regular-font-weight\">R\u00c9F\u00c9RENCES<\/h4>\n                <\/div>\n                        <div class=\"box-body\">\n                                    <div class=\"mb-3 mb-lg-4\">\n                        <h2 class=\"h2 mb-0 wysiwyg\">Gr\u00e2ce aux cam\u00e9ras de recul de s\u00e9rie, la conduite en marche arri\u00e8re est \u00e9galement un plaisir !<\/h2>\n                                            <\/div>\n                \n                                    <div class=\"btn-wrapper\">\n                        <a class=\"btn btn-primary-neg btn-small\" href=\"https:\/\/ballemax.com\/fr\/references\/la-famille-schiess-se-rejouit\/\" target=\"_self\">\n                            Vers le projet de r\u00e9f\u00e9rence                        <\/a>\n                    <\/div>\n                            <\/div>\n\n        <\/div>\n    <\/div>\n\n      \n    <\/div>\n  <\/div>\n<\/div>\n\n\n<div id=\"video-block_a883d95939d781a75c7bd7422a38e377\" class=\"video \n mt-big      mb-big \">\n  <div class=\"container\">\n        <div class=\"video-item-wrapper\">\n      <div class=\"ratio ratio-16x9 youtube-video-wrapper\">\n        <iframe class=\"embed-responsive-item\" src=\"https:\/\/www.youtube.com\/embed\/30TXaD5H4QU?rel=0\" allow=\"accelerometer; encrypted-media; gyroscope; picture-in-picture\" allowfullscreen>\n        <\/iframe>\n      <\/div>\n    <\/div>\n  <\/div>\n<\/div>","protected":false},"excerpt":{"rendered":"","protected":false},"author":4,"featured_media":0,"parent":0,"menu_order":0,"comment_status":"closed","ping_status":"closed","template":"","meta":{"_acf_changed":false,"footnotes":""},"class_list":["post-1713","page","type-page","status-publish","hentry"],"acf":[],"_links":{"self":[{"href":"https:\/\/ballemax.com\/fr\/wp-json\/wp\/v2\/pages\/1713","targetHints":{"allow":["GET"]}}],"collection":[{"href":"https:\/\/ballemax.com\/fr\/wp-json\/wp\/v2\/pages"}],"about":[{"href":"https:\/\/ballemax.com\/fr\/wp-json\/wp\/v2\/types\/page"}],"author":[{"embeddable":true,"href":"https:\/\/ballemax.com\/fr\/wp-json\/wp\/v2\/users\/4"}],"replies":[{"embeddable":true,"href":"https:\/\/ballemax.com\/fr\/wp-json\/wp\/v2\/comments?post=1713"}],"version-history":[{"count":57,"href":"https:\/\/ballemax.com\/fr\/wp-json\/wp\/v2\/pages\/1713\/revisions"}],"predecessor-version":[{"id":3212,"href":"https:\/\/ballemax.com\/fr\/wp-json\/wp\/v2\/pages\/1713\/revisions\/3212"}],"wp:attachment":[{"href":"https:\/\/ballemax.com\/fr\/wp-json\/wp\/v2\/media?parent=1713"}],"curies":[{"name":"wp","href":"https:\/\/api.w.org\/{rel}","templated":true}]}}